{"id":375,"date":"2023-04-11T14:41:28","date_gmt":"2023-04-11T18:41:28","guid":{"rendered":"https:\/\/johnhopkinsdds.com\/?page_id=375"},"modified":"2023-06-02T15:16:22","modified_gmt":"2023-06-02T20:16:22","slug":"informacion-para-pacientes-nuevos","status":"publish","type":"page","link":"https:\/\/johnhopkinsdds.com\/es\/new-patient-info\/","title":{"rendered":"Informaci\u00f3n para nuevos pacientes"},"content":{"rendered":"<section class=\"section\" id=\"section_1132676570\">\n\t\t<div class=\"bg section-bg fill bg-fill  bg-loaded\" >\n\n\t\t\t\n\t\t\t\n\t\t\t\n\n\t\t<\/div>\n\n\t\t\n\n\t\t<div class=\"section-content relative\">\n\t\t\t\n<div class=\"row\"  id=\"row-1703622759\">\n\n\t<div id=\"col-285092655\" class=\"col medium-8 small-12 large-8\"  >\n\t\t\t\t<div class=\"col-inner\"  >\n\t\t\t\n\t\t\t\n<h1><span style=\"font-size: 110%;\">Informaci\u00f3n para nuevos pacientes<\/span><\/h1>\n<p>Su primera visita a John Hopkins, DDS Centre for Smile Designs establece una base vital para nuestra relaci\u00f3n con usted. Durante la primera visita, nos aseguramos de obtener informaci\u00f3n importante, como su historial m\u00e9dico, y le damos tiempo para conocer a su m\u00e9dico.<\/p>\n<p>Para saber qu\u00e9 esperar de su primera visita a nuestra consulta, lea esta p\u00e1gina. Encontrar\u00e1 toda la informaci\u00f3n pr\u00e1ctica que necesita, como un mapa y las indicaciones para llegar a nuestra consulta, los horarios de consulta, las normas de pago y mucho m\u00e1s. Tambi\u00e9n hay informaci\u00f3n sobre nuestro comprometido personal y nuestros procedimientos para la primera visita.<\/p>\n<p>Incluso puede ahorrar algo de tiempo en su primera visita imprimiendo y rellenando los formularios para pacientes antes de su cita.<\/p>\n<div class=\"container section-title-container\" ><h3 class=\"section-title section-title-center\"><b><\/b><span class=\"section-title-main\" >Formularios para pacientes<\/span><b><\/b><\/h3><\/div>\n<p style=\"text-align: center;\"><strong>Por favor, imprima y rellene estos formularios para que podamos agilizar su primera visita:<\/strong><\/p>\n<div class=\"row\"  id=\"row-1791743649\">\n\n\t<div id=\"col-601806247\" class=\"col medium-6 small-12 large-6\"  >\n\t\t\t\t<div class=\"col-inner\"  >\n\t\t\t\n\t\t\t\n<a rel=\"noopener noreferrer\" href=\"https:\/\/patientregistration.denticon.com\/?P=4257&#038;O=100&#038;PT=1\" target=\"_blank\" class=\"button primary is-bevel is-large expand\"  >\n    <span>Registro de nuevos pacientes<\/span>\n  <\/a>\n\n\t\t<\/div>\n\t\t\t\t\t<\/div>\n\n\t\n\n\t<div id=\"col-1777262136\" class=\"col medium-6 small-12 large-6\"  >\n\t\t\t\t<div class=\"col-inner\"  >\n\t\t\t\n\t\t\t\n<a rel=\"noopener noreferrer\" href=\"https:\/\/patientregistration.denticon.com\/?P=4257&#038;O=100&#038;PT=2\" target=\"_blank\" class=\"button primary is-bevel is-large expand\"  >\n    <span>Registro de pacientes existentes<\/span>\n  <\/a>\n\n\t\t<\/div>\n\t\t\t\t\t<\/div>\n\n\t\n<\/div>\n<div class=\"container section-title-container\" ><h3 class=\"section-title section-title-center\"><b><\/b><span class=\"section-title-main\" >Qu\u00e9 esperar<\/span><b><\/b><\/h3><\/div>\n<p>Estar bien preparado para su cita garantizar\u00e1 que el m\u00e9dico disponga de toda la informaci\u00f3n necesaria para proporcionarle la mejor atenci\u00f3n posible. Tambi\u00e9n le ayudar\u00e1 a aliviar cualquier ansiedad innecesaria que pueda sentir. Inf\u00f3rmese sobre sus s\u00edntomas consultando el contenido de este sitio web. Adem\u00e1s, t\u00f3mese su tiempo para revisar la p\u00e1gina de nuestro personal y familiarizarse con los m\u00e9dicos. Esperamos su primera visita.<\/p>\n\t\t<\/div>\n\t\t\t\t\t<\/div>\n\n\t\n\n\t<div id=\"col-1122256847\" class=\"col medium-4 small-12 large-4\"  >\n\t\t\t\t<div class=\"col-inner\"  >\n\t\t\t\n\t\t\t\n<ul class=\"sidebar-wrapper ul-reset\"><aside id=\"text-19\" class=\"widget widget_text\">\t\t\t<div class=\"textwidget\"><p><a href=\"https:\/\/johnhopkinsdds.com\/es\/videos\/\"><img loading=\"lazy\" decoding=\"async\" class=\"alignnone size-full wp-image-1293\" src=\"http:\/\/johnhopkinsdds.com\/wp-content\/uploads\/2023\/05\/video-library-john-hopkins-dds.png\" alt=\"\" width=\"600\" height=\"172\" \/><\/a><\/p>\n<\/div>\n\t\t<\/aside><aside id=\"text-13\" class=\"widget widget_text\">\t\t\t<div class=\"textwidget\"><div class=\"wpcf7 no-js\" id=\"wpcf7-f9-o1\" lang=\"en-US\" dir=\"ltr\" data-wpcf7-id=\"9\">\n<div class=\"screen-reader-response\">\n<p role=\"status\" aria-live=\"polite\" aria-atomic=\"true\">\n<ul><\/ul>\n<\/div>\n<form action=\"\/es\/wp-json\/wp\/v2\/pages\/375#wpcf7-f9-o1\" method=\"post\" class=\"wpcf7-form init cf7mls-no-scroll cf7mls-no-moving-animation\" aria-label=\"Formulario de contacto\" novalidate=\"novalidate\" data-status=\"init\" data-trp-original-action=\"\/es\/wp-json\/wp\/v2\/pages\/375#wpcf7-f9-o1\">\n<fieldset class=\"hidden-fields-container\"><input type=\"hidden\" name=\"_wpcf7\" value=\"9\" \/><input type=\"hidden\" name=\"_wpcf7_version\" value=\"6.1.5\" \/><input type=\"hidden\" name=\"_wpcf7_locale\" value=\"en_US\" \/><input type=\"hidden\" name=\"_wpcf7_unit_tag\" value=\"wpcf7-f9-o1\" \/><input type=\"hidden\" name=\"_wpcf7_container_post\" value=\"0\" \/><input type=\"hidden\" name=\"_wpcf7_posted_data_hash\" value=\"\" \/><input type=\"hidden\" name=\"_wpcf7cf_hidden_group_fields\" value=\"[]\" \/><input type=\"hidden\" name=\"_wpcf7cf_hidden_groups\" value=\"[]\" \/><input type=\"hidden\" name=\"_wpcf7cf_visible_groups\" value=\"[]\" \/><input type=\"hidden\" name=\"_wpcf7cf_repeaters\" value=\"[]\" \/><input type=\"hidden\" name=\"_wpcf7cf_steps\" value=\"{}\" \/><input type=\"hidden\" name=\"_wpcf7cf_options\" value=\"{&quot;form_id&quot;:9,&quot;conditions&quot;:[],&quot;settings&quot;:{&quot;animation&quot;:&quot;yes&quot;,&quot;animation_intime&quot;:200,&quot;animation_outtime&quot;:200,&quot;conditions_ui&quot;:&quot;normal&quot;,&quot;notice_dismissed&quot;:false,&quot;notice_dismissed_rollback-cf7-5.7.6&quot;:true}}\" \/><br \/>\n<\/fieldset>\n<p><center><\/p>\n<h3>SOLICITAR UNA CONSULTA<br \/>\n\t<\/h3>\n<p><\/center><\/p>\n<hr \/>\n<p><center><\/p>\n<p><span class=\"wpcf7-form-control-wrap\" data-name=\"your-name\"><input size=\"40\" maxlength=\"400\" class=\"wpcf7-form-control wpcf7-text wpcf7-validates-as-required\" aria-required=\"true\" aria-invalid=\"false\" placeholder=\"Nombre\" value=\"\" type=\"text\" name=\"your-name\" \/><\/span>\n\t<\/p>\n<p><span class=\"wpcf7-form-control-wrap\" data-name=\"your-email\"><input size=\"40\" maxlength=\"400\" class=\"wpcf7-form-control wpcf7-email wpcf7-validates-as-required wpcf7-text wpcf7-validates-as-email\" aria-required=\"true\" aria-invalid=\"false\" placeholder=\"Correo electr\u00f3nico\" value=\"\" type=\"email\" name=\"your-email\" \/><\/span>\n\t<\/p>\n<p><span class=\"wpcf7-form-control-wrap\" data-name=\"tel-545\"><input size=\"40\" maxlength=\"400\" class=\"wpcf7-form-control wpcf7-tel wpcf7-text wpcf7-validates-as-tel\" aria-invalid=\"false\" placeholder=\"N\u00famero de tel\u00e9fono\" value=\"\" type=\"tel\" name=\"tel-545\" \/><\/span>\n\t<\/p>\n<p><span class=\"wpcf7-form-control-wrap\" data-name=\"your-message\"><textarea cols=\"40\" rows=\"10\" maxlength=\"2000\" class=\"wpcf7-form-control wpcf7-textarea\" aria-invalid=\"false\" placeholder=\"\u00bfC\u00f3mo podemos ayudarle?\" name=\"your-message\"><\/textarea><\/span>\n\t<\/p>\n<p><input class=\"wpcf7-form-control wpcf7-submit has-spinner button\" type=\"submit\" value=\"Enviar solicitud\" \/>\n\t<\/p>\n<p><\/center><\/p>\n<p><b>*Nota: NO se aceptan CONFIRMACIONES ni CANCELACIONES a trav\u00e9s de este formulario.<br \/>\nSi necesita confirmar o anular su cita, llame a nuestra oficina.<\/b>\n<\/p>\n<p><input\n                    class=\"apbct_special_field apbct_email_id__wp_contact_form_7\"\n                    name=\"apbct__email_id__wp_contact_form_7\"\n                    aria-label=\"apbct__label_id__wp_contact_form_7\"\n                    type=\"text\" size=\"30\" maxlength=\"200\" autocomplete=\"off\"\n                    value=\"\"\n                \/><\/p>\n<div class=\"wpcf7-response-output\" aria-hidden=\"true\"><\/div>\n<input type=\"hidden\" name=\"trp-form-language\" value=\"es\"\/><\/form>\n<\/div>\n<\/div>\n\t\t<\/aside>\t\t<aside id=\"flatsome_recent_posts-17\" class=\"widget flatsome_recent_posts\">\t\t<span class=\"widget-title\"><span>Entradas recientes<\/span><\/span><div class=\"is-divider small\"><\/div>\t\t<ul>\t\t\n\t\t\n\t\t<li class=\"recent-blog-posts-li\">\n\t\t\t<div class=\"flex-row recent-blog-posts align-top pt-half pb-half\">\n\t\t\t\t<div class=\"flex-col mr-half\">\n\t\t\t\t\t<div class=\"badge post-date  badge-outline\">\n\t\t\t\t\t\t\t<div class=\"badge-inner bg-fill\" style=\"background: url(https:\/\/johnhopkinsdds.com\/wp-content\/uploads\/2025\/06\/Dental-Crown-vs.-Veneer-in-Gulfport-MS-Enhance-Your-Smile-280x280.jpg); border:0;\">\n                                \t\t\t\t\t\t\t<\/div>\n\t\t\t\t\t<\/div>\n\t\t\t\t<\/div>\n\t\t\t\t<div class=\"flex-col flex-grow\">\n\t\t\t\t\t  <a href=\"https:\/\/johnhopkinsdds.com\/es\/understanding-the-use-of-a-dental-crown-vs-veneer\/\" title=\"Understanding the Use of a Dental Crown vs. Veneer\">Understanding the Use of a Dental Crown vs. Veneer<\/a>\n\t\t\t\t   \t  <span class=\"post_comments op-7 block is-xsmall\"><a href=\"https:\/\/johnhopkinsdds.com\/es\/understanding-the-use-of-a-dental-crown-vs-veneer\/#respond\"><\/a><\/span>\n\t\t\t\t<\/div>\n\t\t\t<\/div>\n\t\t<\/li>\n\t\t\n\t\t\n\t\t<li class=\"recent-blog-posts-li\">\n\t\t\t<div class=\"flex-row recent-blog-posts align-top pt-half pb-half\">\n\t\t\t\t<div class=\"flex-col mr-half\">\n\t\t\t\t\t<div class=\"badge post-date  badge-outline\">\n\t\t\t\t\t\t\t<div class=\"badge-inner bg-fill\" style=\"background: url(https:\/\/johnhopkinsdds.com\/wp-content\/uploads\/2025\/06\/All-on-X-Dental-Implants-in-Gulfport-MS-Mini-Implant-Dentures-280x280.jpg); border:0;\">\n                                \t\t\t\t\t\t\t<\/div>\n\t\t\t\t\t<\/div>\n\t\t\t\t<\/div>\n\t\t\t\t<div class=\"flex-col flex-grow\">\n\t\t\t\t\t  <a href=\"https:\/\/johnhopkinsdds.com\/es\/from-all-on-x-to-mini-dental-implants-the-evolution-of-tooth-replacement\/\" title=\"From All on X to Mini Dental Implants: The Evolution of Tooth Replacement\">From All on X to Mini Dental Implants: The Evolution of Tooth Replacement<\/a>\n\t\t\t\t   \t  <span class=\"post_comments op-7 block is-xsmall\"><a href=\"https:\/\/johnhopkinsdds.com\/es\/from-all-on-x-to-mini-dental-implants-the-evolution-of-tooth-replacement\/#respond\"><\/a><\/span>\n\t\t\t\t<\/div>\n\t\t\t<\/div>\n\t\t<\/li>\n\t\t\n\t\t\n\t\t<li class=\"recent-blog-posts-li\">\n\t\t\t<div class=\"flex-row recent-blog-posts align-top pt-half pb-half\">\n\t\t\t\t<div class=\"flex-col mr-half\">\n\t\t\t\t\t<div class=\"badge post-date  badge-outline\">\n\t\t\t\t\t\t\t<div class=\"badge-inner bg-fill\" style=\"background: url(https:\/\/johnhopkinsdds.com\/wp-content\/uploads\/2025\/05\/shutterstock_1718626972-280x280.jpg); border:0;\">\n                                \t\t\t\t\t\t\t<\/div>\n\t\t\t\t\t<\/div>\n\t\t\t\t<\/div>\n\t\t\t\t<div class=\"flex-col flex-grow\">\n\t\t\t\t\t  <a href=\"https:\/\/johnhopkinsdds.com\/es\/looking-for-mini-dental-implants-in-gulfport-ms-check-out-the-centre-for-smile-designs\/\" title=\"Looking for Mini Dental Implants in Gulfport, MS? Check Out the Centre for Smile Designs!\">Looking for Mini Dental Implants in Gulfport, MS? Check Out the Centre for Smile Designs!<\/a>\n\t\t\t\t   \t  <span class=\"post_comments op-7 block is-xsmall\"><a href=\"https:\/\/johnhopkinsdds.com\/es\/looking-for-mini-dental-implants-in-gulfport-ms-check-out-the-centre-for-smile-designs\/#respond\"><\/a><\/span>\n\t\t\t\t<\/div>\n\t\t\t<\/div>\n\t\t<\/li>\n\t\t\n\t\t\n\t\t<li class=\"recent-blog-posts-li\">\n\t\t\t<div class=\"flex-row recent-blog-posts align-top pt-half pb-half\">\n\t\t\t\t<div class=\"flex-col mr-half\">\n\t\t\t\t\t<div class=\"badge post-date  badge-outline\">\n\t\t\t\t\t\t\t<div class=\"badge-inner bg-fill\" style=\"background: url(https:\/\/johnhopkinsdds.com\/wp-content\/uploads\/2025\/05\/Veneers-vs.-Crowns-in-Gulfport-MS-Book-a-Consultation-280x280.jpg); border:0;\">\n                                \t\t\t\t\t\t\t<\/div>\n\t\t\t\t\t<\/div>\n\t\t\t\t<\/div>\n\t\t\t\t<div class=\"flex-col flex-grow\">\n\t\t\t\t\t  <a href=\"https:\/\/johnhopkinsdds.com\/es\/veneers-vs-crowns-which-option-is-best-for-you\/\" title=\"Veneers vs. Crowns: Which Option Is Best for YOU?\">Veneers vs. Crowns: Which Option Is Best for YOU?<\/a>\n\t\t\t\t   \t  <span class=\"post_comments op-7 block is-xsmall\"><a href=\"https:\/\/johnhopkinsdds.com\/es\/veneers-vs-crowns-which-option-is-best-for-you\/#respond\"><\/a><\/span>\n\t\t\t\t<\/div>\n\t\t\t<\/div>\n\t\t<\/li>\n\t\t\n\t\t\n\t\t<li class=\"recent-blog-posts-li\">\n\t\t\t<div class=\"flex-row recent-blog-posts align-top pt-half pb-half\">\n\t\t\t\t<div class=\"flex-col mr-half\">\n\t\t\t\t\t<div class=\"badge post-date  badge-outline\">\n\t\t\t\t\t\t\t<div class=\"badge-inner bg-fill\" style=\"background: url(https:\/\/johnhopkinsdds.com\/wp-content\/uploads\/2025\/05\/Dental-Implants-in-Caesar-MS-Book-a-Free-Implant-Consultation-280x280.jpg); border:0;\">\n                                \t\t\t\t\t\t\t<\/div>\n\t\t\t\t\t<\/div>\n\t\t\t\t<\/div>\n\t\t\t\t<div class=\"flex-col flex-grow\">\n\t\t\t\t\t  <a href=\"https:\/\/johnhopkinsdds.com\/es\/reemplace-sus-dientes-perdidos-con-implantes-dentales-en-caesar-ms\/\" title=\"Reemplace Sus Dientes Perdidos Con Implantes Dentales en Caesar, MS\">Reemplace Sus Dientes Perdidos Con Implantes Dentales en Caesar, MS<\/a>\n\t\t\t\t   \t  <span class=\"post_comments op-7 block is-xsmall\"><a href=\"https:\/\/johnhopkinsdds.com\/es\/reemplace-sus-dientes-perdidos-con-implantes-dentales-en-caesar-ms\/#respond\"><\/a><\/span>\n\t\t\t\t<\/div>\n\t\t\t<\/div>\n\t\t<\/li>\n\t\t\t\t<\/ul>\t\t<\/aside><aside id=\"text-15\" class=\"widget widget_text\"><span class=\"widget-title\"><span>Rese\u00f1a destacada<\/span><\/span><div class=\"is-divider small\"><\/div>\t\t\t<div class=\"textwidget\"><p><img loading=\"lazy\" decoding=\"async\" class=\"size-full wp-image-1188 aligncenter\" src=\"http:\/\/johnhopkinsdds.com\/wp-content\/uploads\/2023\/05\/5-Star-Review.png\" alt=\"\" width=\"235\" height=\"49\" \/><\/p>\n<p>\u00a1\u00a1\u00a1Estoy muy satisfecho con la cortes\u00eda y profesionalidad que me mostraron durante mi visita!!! \u00a1\u00a1\u00a1El mejor servicio dental que he recibido y se lo recomendar\u00eda a cualquiera!!! - <a href=\"https:\/\/g.co\/kgs\/qKb2ws\" target=\"_blank\" rel=\"noopener\">Lajuan D. \/ Rese\u00f1a de Google<\/a><\/p>\n<\/div>\n\t\t<\/aside><\/ul>\n\t\t<\/div>\n\t\t\t\t\t<\/div>\n\n\t\n<\/div>\n\t\t<\/div>\n\n\t\t\n<style>\n#section_1132676570 {\n  padding-top: 30px;\n  padding-bottom: 30px;\n}\n<\/style>\n\t<\/section>\n\t\n<p><script type=\"application\/ld+json\">{\n    \"@context\": \"http:\\\/\\\/schema.org\",\n    \"@type\": \"Review\",\n    \"itemReviewed\": {\n        \"@type\": \"Product\",\n        \"name\": \"John Hopkins, DDS\",\n        \"aggregateRating\": {\n            \"@type\": \"AggregateRating\",\n            \"ratingValue\": 4.8,\n            \"reviewCount\": 84\n        }\n    },\n    \"reviewRating\": {\n        \"@type\": \"Rating\",\n        \"ratingValue\": 5,\n        \"bestRating\": 5,\n        \"worstRating\": 1\n    },\n    \"name\": \"John Hopkins, DDS\",\n    \"author\": {\n        \"@type\": \"Person\",\n        \"name\": \"Lajuan D.\"\n    },\n    \"reviewBody\": \"I am very satisfied with the courtesy and professionalism that was shown to me during my visit!! The best dental service I\\u2019ve ever received and I would recommend to anyone!!\",\n    \"datePublished\": \"2023-03-28\",\n    \"publisher\": {\n        \"@type\": \"Organization\",\n        \"name\": \"John Hopkins, DDS\"\n    }\n}<\/script><\/p>","protected":false},"excerpt":{"rendered":"","protected":false},"author":6,"featured_media":1609,"parent":0,"menu_order":0,"comment_status":"closed","ping_status":"closed","template":"","meta":{"rop_custom_images_group":[],"rop_custom_messages_group":[],"rop_publish_now":"initial","rop_publish_now_accounts":{"gmb_109265489736877664202_accounts\/109265489736877664202\/locations\/1484993336662265791":"","twitter_1747376815792926720_1747376815792926720":""},"rop_publish_now_history":[],"rop_publish_now_status":"pending","footnotes":""},"class_list":["post-375","page","type-page","status-publish","has-post-thumbnail","hentry"],"yoast_head":"<!-- This site is optimized with the Yoast SEO plugin v27.1.1 - https:\/\/yoast.com\/product\/yoast-seo-wordpress\/ -->\n<title>New Patient Info | Centre for Smile Designs in Gulfport, MS<\/title>\n<meta name=\"description\" content=\"Your first visit to John Hopkins, DDS Centre for Smile Designs establishes a vital foundation for our relationship with you.\" \/>\n<meta name=\"robots\" content=\"index, follow, max-snippet:-1, max-image-preview:large, max-video-preview:-1\" \/>\n<link rel=\"canonical\" href=\"https:\/\/johnhopkinsdds.com\/es\/informacion-para-pacientes-nuevos\/\" \/>\n<meta property=\"og:locale\" content=\"es_MX\" \/>\n<meta property=\"og:type\" content=\"article\" \/>\n<meta property=\"og:title\" content=\"New Patient Info | Centre for Smile Designs in Gulfport, MS\" \/>\n<meta property=\"og:description\" content=\"Your first visit to John Hopkins, DDS Centre for Smile Designs establishes a vital foundation for our relationship with you.\" \/>\n<meta property=\"og:url\" content=\"https:\/\/johnhopkinsdds.com\/es\/informacion-para-pacientes-nuevos\/\" \/>\n<meta property=\"og:site_name\" content=\"Centre for Smile Designs | John Hopkins, DDS\" \/>\n<meta property=\"article:publisher\" content=\"https:\/\/www.facebook.com\/JohnHopkinsDdsCentreForSmileDesigns\" \/>\n<meta property=\"article:modified_time\" content=\"2023-06-02T20:16:22+00:00\" \/>\n<meta property=\"og:image\" content=\"https:\/\/johnhopkinsdds.com\/wp-content\/uploads\/2023\/06\/New-Patient-Info-Centre-for-Smile-Designs-in-Gulfport-MS.jpg\" \/>\n\t<meta property=\"og:image:width\" content=\"500\" \/>\n\t<meta property=\"og:image:height\" content=\"334\" \/>\n\t<meta property=\"og:image:type\" content=\"image\/jpeg\" \/>\n<meta name=\"twitter:card\" content=\"summary_large_image\" \/>\n<meta name=\"twitter:label1\" content=\"Tiempo de lectura\" \/>\n\t<meta name=\"twitter:data1\" content=\"2 minutos\" \/>\n<script type=\"application\/ld+json\" class=\"yoast-schema-graph\">{\"@context\":\"https:\/\/schema.org\",\"@graph\":[{\"@type\":\"WebPage\",\"@id\":\"https:\/\/johnhopkinsdds.com\/new-patient-info\/\",\"url\":\"https:\/\/johnhopkinsdds.com\/new-patient-info\/\",\"name\":\"New Patient Info | Centre for Smile Designs in Gulfport, MS\",\"isPartOf\":{\"@id\":\"https:\/\/johnhopkinsdds.com\/#website\"},\"primaryImageOfPage\":{\"@id\":\"https:\/\/johnhopkinsdds.com\/new-patient-info\/#primaryimage\"},\"image\":{\"@id\":\"https:\/\/johnhopkinsdds.com\/new-patient-info\/#primaryimage\"},\"thumbnailUrl\":\"https:\/\/johnhopkinsdds.com\/wp-content\/uploads\/2023\/06\/New-Patient-Info-Centre-for-Smile-Designs-in-Gulfport-MS.jpg\",\"datePublished\":\"2023-04-11T18:41:28+00:00\",\"dateModified\":\"2023-06-02T20:16:22+00:00\",\"description\":\"Your first visit to John Hopkins, DDS Centre for Smile Designs establishes a vital foundation for our relationship with you.\",\"breadcrumb\":{\"@id\":\"https:\/\/johnhopkinsdds.com\/new-patient-info\/#breadcrumb\"},\"inLanguage\":\"es\",\"potentialAction\":[{\"@type\":\"ReadAction\",\"target\":[\"https:\/\/johnhopkinsdds.com\/new-patient-info\/\"]}]},{\"@type\":\"ImageObject\",\"inLanguage\":\"es\",\"@id\":\"https:\/\/johnhopkinsdds.com\/new-patient-info\/#primaryimage\",\"url\":\"https:\/\/johnhopkinsdds.com\/wp-content\/uploads\/2023\/06\/New-Patient-Info-Centre-for-Smile-Designs-in-Gulfport-MS.jpg\",\"contentUrl\":\"https:\/\/johnhopkinsdds.com\/wp-content\/uploads\/2023\/06\/New-Patient-Info-Centre-for-Smile-Designs-in-Gulfport-MS.jpg\",\"width\":500,\"height\":334,\"caption\":\"New Patient Info Centre for Smile Designs in Gulfport, MS\"},{\"@type\":\"BreadcrumbList\",\"@id\":\"https:\/\/johnhopkinsdds.com\/new-patient-info\/#breadcrumb\",\"itemListElement\":[{\"@type\":\"ListItem\",\"position\":1,\"name\":\"Home\",\"item\":\"https:\/\/johnhopkinsdds.com\/\"},{\"@type\":\"ListItem\",\"position\":2,\"name\":\"New Patient Info\"}]},{\"@type\":\"WebSite\",\"@id\":\"https:\/\/johnhopkinsdds.com\/#website\",\"url\":\"https:\/\/johnhopkinsdds.com\/\",\"name\":\"Cosmetic Dentist in Gulfport, MS\",\"description\":\"Cosmetic Dentist in Gulfport, MS\",\"publisher\":{\"@id\":\"https:\/\/johnhopkinsdds.com\/#organization\"},\"potentialAction\":[{\"@type\":\"SearchAction\",\"target\":{\"@type\":\"EntryPoint\",\"urlTemplate\":\"https:\/\/johnhopkinsdds.com\/?s={search_term_string}\"},\"query-input\":{\"@type\":\"PropertyValueSpecification\",\"valueRequired\":true,\"valueName\":\"search_term_string\"}}],\"inLanguage\":\"es\"},{\"@type\":\"Organization\",\"@id\":\"https:\/\/johnhopkinsdds.com\/#organization\",\"name\":\"Cosmetic Dentist in Gulfport, MS\",\"url\":\"https:\/\/johnhopkinsdds.com\/\",\"logo\":{\"@type\":\"ImageObject\",\"inLanguage\":\"es\",\"@id\":\"https:\/\/johnhopkinsdds.com\/#\/schema\/logo\/image\/\",\"url\":\"https:\/\/johnhopkinsdds.com\/wp-content\/uploads\/2023\/05\/cropped-SmileDesignLogoFinal2.jpg\",\"contentUrl\":\"https:\/\/johnhopkinsdds.com\/wp-content\/uploads\/2023\/05\/cropped-SmileDesignLogoFinal2.jpg\",\"width\":512,\"height\":512,\"caption\":\"Cosmetic Dentist in Gulfport, MS\"},\"image\":{\"@id\":\"https:\/\/johnhopkinsdds.com\/#\/schema\/logo\/image\/\"},\"sameAs\":[\"https:\/\/www.facebook.com\/JohnHopkinsDdsCentreForSmileDesigns\",\"https:\/\/www.youtube.com\/@centerforsmiledesigns2130\",\"https:\/\/www.instagram.com\/johnhopkinsdds2\/\"]}]}<\/script>\n<!-- \/ Yoast SEO plugin. -->","yoast_head_json":{"title":"Informaci\u00f3n para Nuevos Pacientes | Centre for Smile Designs in Gulfport, MS","description":"Su primera visita a John Hopkins, DDS Centre for Smile Designs establece una base vital para nuestra relaci\u00f3n con usted.","robots":{"index":"index","follow":"follow","max-snippet":"max-snippet:-1","max-image-preview":"max-image-preview:large","max-video-preview":"max-video-preview:-1"},"canonical":"https:\/\/johnhopkinsdds.com\/es\/informacion-para-pacientes-nuevos\/","og_locale":"es_MX","og_type":"article","og_title":"New Patient Info | Centre for Smile Designs in Gulfport, MS","og_description":"Your first visit to John Hopkins, DDS Centre for Smile Designs establishes a vital foundation for our relationship with you.","og_url":"https:\/\/johnhopkinsdds.com\/es\/informacion-para-pacientes-nuevos\/","og_site_name":"Centre for Smile Designs | John Hopkins, DDS","article_publisher":"https:\/\/www.facebook.com\/JohnHopkinsDdsCentreForSmileDesigns","article_modified_time":"2023-06-02T20:16:22+00:00","og_image":[{"width":500,"height":334,"url":"https:\/\/johnhopkinsdds.com\/wp-content\/uploads\/2023\/06\/New-Patient-Info-Centre-for-Smile-Designs-in-Gulfport-MS.jpg","type":"image\/jpeg"}],"twitter_card":"summary_large_image","twitter_misc":{"Tiempo de lectura":"2 minutos"},"schema":{"@context":"https:\/\/schema.org","@graph":[{"@type":"WebPage","@id":"https:\/\/johnhopkinsdds.com\/new-patient-info\/","url":"https:\/\/johnhopkinsdds.com\/new-patient-info\/","name":"Informaci\u00f3n para Nuevos Pacientes | Centre for Smile Designs in Gulfport, MS","isPartOf":{"@id":"https:\/\/johnhopkinsdds.com\/#website"},"primaryImageOfPage":{"@id":"https:\/\/johnhopkinsdds.com\/new-patient-info\/#primaryimage"},"image":{"@id":"https:\/\/johnhopkinsdds.com\/new-patient-info\/#primaryimage"},"thumbnailUrl":"https:\/\/johnhopkinsdds.com\/wp-content\/uploads\/2023\/06\/New-Patient-Info-Centre-for-Smile-Designs-in-Gulfport-MS.jpg","datePublished":"2023-04-11T18:41:28+00:00","dateModified":"2023-06-02T20:16:22+00:00","description":"Su primera visita a John Hopkins, DDS Centre for Smile Designs establece una base vital para nuestra relaci\u00f3n con usted.","breadcrumb":{"@id":"https:\/\/johnhopkinsdds.com\/new-patient-info\/#breadcrumb"},"inLanguage":"es","potentialAction":[{"@type":"ReadAction","target":["https:\/\/johnhopkinsdds.com\/new-patient-info\/"]}]},{"@type":"ImageObject","inLanguage":"es","@id":"https:\/\/johnhopkinsdds.com\/new-patient-info\/#primaryimage","url":"https:\/\/johnhopkinsdds.com\/wp-content\/uploads\/2023\/06\/New-Patient-Info-Centre-for-Smile-Designs-in-Gulfport-MS.jpg","contentUrl":"https:\/\/johnhopkinsdds.com\/wp-content\/uploads\/2023\/06\/New-Patient-Info-Centre-for-Smile-Designs-in-Gulfport-MS.jpg","width":500,"height":334,"caption":"New Patient Info Centre for Smile Designs in Gulfport, MS"},{"@type":"BreadcrumbList","@id":"https:\/\/johnhopkinsdds.com\/new-patient-info\/#breadcrumb","itemListElement":[{"@type":"ListItem","position":1,"name":"Home","item":"https:\/\/johnhopkinsdds.com\/"},{"@type":"ListItem","position":2,"name":"New Patient Info"}]},{"@type":"WebSite","@id":"https:\/\/johnhopkinsdds.com\/#website","url":"https:\/\/johnhopkinsdds.com\/","name":"Dentista Cosmetico en Gulfport, MS","description":"Dentista Cosmetico en Gulfport, MS","publisher":{"@id":"https:\/\/johnhopkinsdds.com\/#organization"},"potentialAction":[{"@type":"SearchAction","target":{"@type":"EntryPoint","urlTemplate":"https:\/\/johnhopkinsdds.com\/?s={search_term_string}"},"query-input":{"@type":"PropertyValueSpecification","valueRequired":true,"valueName":"search_term_string"}}],"inLanguage":"es"},{"@type":"Organization","@id":"https:\/\/johnhopkinsdds.com\/#organization","name":"Dentista Cosmetico en Gulfport, MS","url":"https:\/\/johnhopkinsdds.com\/","logo":{"@type":"ImageObject","inLanguage":"es","@id":"https:\/\/johnhopkinsdds.com\/#\/schema\/logo\/image\/","url":"https:\/\/johnhopkinsdds.com\/wp-content\/uploads\/2023\/05\/cropped-SmileDesignLogoFinal2.jpg","contentUrl":"https:\/\/johnhopkinsdds.com\/wp-content\/uploads\/2023\/05\/cropped-SmileDesignLogoFinal2.jpg","width":512,"height":512,"caption":"Cosmetic Dentist in Gulfport, MS"},"image":{"@id":"https:\/\/johnhopkinsdds.com\/#\/schema\/logo\/image\/"},"sameAs":["https:\/\/www.facebook.com\/JohnHopkinsDdsCentreForSmileDesigns","https:\/\/www.youtube.com\/@centerforsmiledesigns2130","https:\/\/www.instagram.com\/johnhopkinsdds2\/"]}]}},"_links":{"self":[{"href":"https:\/\/johnhopkinsdds.com\/es\/wp-json\/wp\/v2\/pages\/375","targetHints":{"allow":["GET"]}}],"collection":[{"href":"https:\/\/johnhopkinsdds.com\/es\/wp-json\/wp\/v2\/pages"}],"about":[{"href":"https:\/\/johnhopkinsdds.com\/es\/wp-json\/wp\/v2\/types\/page"}],"author":[{"embeddable":true,"href":"https:\/\/johnhopkinsdds.com\/es\/wp-json\/wp\/v2\/users\/6"}],"replies":[{"embeddable":true,"href":"https:\/\/johnhopkinsdds.com\/es\/wp-json\/wp\/v2\/comments?post=375"}],"version-history":[{"count":0,"href":"https:\/\/johnhopkinsdds.com\/es\/wp-json\/wp\/v2\/pages\/375\/revisions"}],"wp:featuredmedia":[{"embeddable":true,"href":"https:\/\/johnhopkinsdds.com\/es\/wp-json\/wp\/v2\/media\/1609"}],"wp:attachment":[{"href":"https:\/\/johnhopkinsdds.com\/es\/wp-json\/wp\/v2\/media?parent=375"}],"curies":[{"name":"wp","href":"https:\/\/api.w.org\/{rel}","templated":true}]}}