{"id":567,"date":"2023-05-08T09:44:01","date_gmt":"2023-05-08T13:44:01","guid":{"rendered":"https:\/\/johnhopkinsdds.com\/?page_id=567"},"modified":"2024-01-18T12:42:00","modified_gmt":"2024-01-18T17:42:00","slug":"tratamientos-dentales","status":"publish","type":"page","link":"https:\/\/johnhopkinsdds.com\/es\/dental-treatments\/","title":{"rendered":"Tratamientos dentales"},"content":{"rendered":"<p>TRATAMIENTOS DENTALES<br \/>\nLas visitas regulares al dentista son esenciales para asegurarse de que los problemas de salud oral - desde la caries dental hasta el c\u00e1ncer oral - se detectan y se tratan a tiempo. En nuestra oficina, su salud oral es nuestra principal preocupaci\u00f3n. Queremos asegurarnos de que sus dientes se mantengan sanos, funcionen bien y tengan un aspecto estupendo. Desde limpiezas y ex\u00e1menes regulares a tratamientos avanzados de odontolog\u00eda cosm\u00e9tica, todas sus necesidades dentales de rutina pueden ser satisfechas aqu\u00ed mismo.<\/p>\n<p>Tratamiento dental de urgencia<br \/>\nSi tiene una lesi\u00f3n grave o que pone en peligro su vida, llame al 911 o acuda directamente al servicio de urgencias del hospital m\u00e1s cercano. Podemos tratar una variedad de lesiones dentales traum\u00e1ticas, incluyendo los dientes que se han astillado, movido, o eliminado por completo. Por favor, llame a nuestra oficina para obtener ayuda.<\/p>\n<p>ODONTOLOG\u00cdA COSM\u00c9TICA<\/p>\n<p>MAQUILLAJE DE SONRISA<br \/>\nNo hay dos sonrisas iguales y elaboraremos su plan de tratamiento en funci\u00f3n de las necesidades de su boca.<\/p>\n<p>SABER M\u00c1S<\/p>\n<p>ODONTOLOG\u00cdA COSM\u00c9TICA<br \/>\nOfrecemos una variedad de t\u00e9cnicas avanzadas para crear la sonrisa de sus sue\u00f1os.<\/p>\n<p>SABER M\u00c1S<\/p>\n<p>CHAPAS<br \/>\nPorcelana con forma de diente adherida a la parte frontal de los dientes para crear una sonrisa bonita y atractiva.<\/p>\n<p>SABER M\u00c1S<\/p>\n<p>CLEAR CORRECT \/ INVISALIGN<br \/>\nNuestros sistemas de alineadores transparentes se utilizan para enderezar los dientes como alternativa a los aparatos tradicionales.<\/p>\n<p>SABER M\u00c1S<\/p>\n<p>ADHESIVOS DENTALES<br \/>\nLa adhesi\u00f3n dental es un proceso eficaz y asequible de adhesi\u00f3n de resina del color del diente a los dientes.<\/p>\n<p>SABER M\u00c1S<\/p>\n<p>CORONAS Y PUENTES<br \/>\nUna corona fortifica y restaura los dientes da\u00f1ados, permitiendo que funcionen y tengan el mismo aspecto que los dientes naturales.<\/p>\n<p>SABER M\u00c1S<\/p>\n<p>BLANQUEAMIENTO DENTAL<br \/>\nEl Dr. Hopkins utiliza el blanqueamiento dental K\u00f6R, para conseguir sus dientes m\u00e1s blancos y brillantes.<\/p>\n<p>SABER M\u00c1S<br \/>\nIMPLANTOLOG\u00cdA<\/p>\n<p>MINIIMPLANTES DENTALES<br \/>\nLos miniimplantes dentales pueden ayudar a mantener las dentaduras postizas sueltas en su posici\u00f3n o sustituir dientes individuales o m\u00faltiples.<\/p>\n<p>SABER M\u00c1S<\/p>\n<p>IMAGEN 3D<br \/>\nLas im\u00e1genes dentales en 3D facilitan la planificaci\u00f3n eficaz de tratamientos o el diagn\u00f3stico de problemas de salud bucodental.<\/p>\n<p>SABER M\u00c1S<br \/>\nOTROS TRATAMIENTOS DENTALES<\/p>\n<p>ODONTOLOG\u00cdA GENERAL<br \/>\nVisitar al dentista al menos una vez cada seis meses garantiza una higiene bucal y una funcionalidad adecuadas.<\/p>\n<p>SABER M\u00c1S<\/p>\n<p>EX\u00c1MENES Y LIMPIEZAS<br \/>\nLimpiaremos, puliremos y enjuagaremos sus dientes para eliminar el sarro y la placa que se hayan acumulado.<\/p>\n<p>SABER M\u00c1S<\/p>\n<p>EMPASTES DEL COLOR DEL DIENTE<br \/>\nLos materiales de obturaci\u00f3n actuales del color del diente se adhieren f\u00edsicamente a las superficies dentales naturales.<\/p>\n<p>SABER M\u00c1S<\/p>\n<p>CANALES DE RA\u00cdZ<br \/>\nProcedimientos dise\u00f1ados para tratar problemas del tejido nervioso blando del interior del diente.<\/p>\n<p>SABER M\u00c1S<\/p>\n<p>EXTRACCIONES<br \/>\nLas extracciones dentales suelen realizarse cuando los dientes est\u00e1n demasiado da\u00f1ados para salvarlos.<\/p>\n<p>SABER M\u00c1S<\/p>\n<p>DIENTES SABIOS<br \/>\nEl dentista puede recomendar la extracci\u00f3n de las muelas del juicio si est\u00e1n cariadas o causan dolor.<\/p>\n<p>SABER M\u00c1S<\/p>\n<p>PR\u00d3TESIS DENTALES Y PARCIALES<br \/>\nPersonalizaremos sus pr\u00f3tesis dentales para que se adapten a su estructura \u00f3sea y forma facial \u00fanicas, \u00a1que se vean y se sientan genial!<\/p>\n<p>SABER M\u00c1S<\/p>\n<p>CUIDADOS DE URGENCIA<br \/>\nEstamos encantados de acomodar a nuestros pacientes con citas de emergencia el mismo d\u00eda.<\/p>\n<p>SABER M\u00c1S<\/p>\n<p>TERAPIA PERIODONTAL<br \/>\nUn programa periodontal que ha ayudado a muchos pacientes a evitar la p\u00e9rdida de dientes y a mantener un hueso m\u00e1s sano.<\/p>","protected":false},"excerpt":{"rendered":"<p>DENTAL TREATMENTS Regular dental visits are essential to make sure oral health problems \u2013 from tooth decay to oral cancer \u2013 are detected and treated in a timely manner. At our office, your oral health is our paramount concern. We want to make sure your teeth stay healthy, function well and look great! From regular [&#8230;]\n","protected":false},"author":6,"featured_media":8375,"parent":0,"menu_order":0,"comment_status":"closed","ping_status":"closed","template":"","meta":{"rop_custom_images_group":[],"rop_custom_messages_group":[],"rop_publish_now":"initial","rop_publish_now_accounts":{"gmb_109265489736877664202_accounts\/109265489736877664202\/locations\/1484993336662265791":"","twitter_1747376815792926720_1747376815792926720":""},"rop_publish_now_history":[],"rop_publish_now_status":"pending","footnotes":""},"class_list":["post-567","page","type-page","status-publish","has-post-thumbnail","hentry"],"yoast_head":"<!-- This site is optimized with the Yoast SEO plugin v27.4 - https:\/\/yoast.com\/product\/yoast-seo-wordpress\/ -->\n<title>Dental Treatments | General Dentistry in Gulfport, MS<\/title>\n<meta name=\"description\" content=\"Regular dental visits are essential to make sure oral health problems are detected and treated in a timely manner.\" \/>\n<meta name=\"robots\" content=\"index, follow, max-snippet:-1, max-image-preview:large, max-video-preview:-1\" \/>\n<link rel=\"canonical\" href=\"https:\/\/johnhopkinsdds.com\/es\/tratamientos-dentales\/\" \/>\n<meta property=\"og:locale\" content=\"es_MX\" \/>\n<meta property=\"og:type\" content=\"article\" \/>\n<meta property=\"og:title\" content=\"Dental Treatments | General Dentistry in Gulfport, MS\" \/>\n<meta property=\"og:description\" content=\"Regular dental visits are essential to make sure oral health problems are detected and treated in a timely manner.\" \/>\n<meta property=\"og:url\" content=\"https:\/\/johnhopkinsdds.com\/es\/tratamientos-dentales\/\" \/>\n<meta property=\"og:site_name\" content=\"Centre for Smile Designs | John Hopkins, DDS\" \/>\n<meta property=\"article:publisher\" content=\"https:\/\/www.facebook.com\/JohnHopkinsDdsCentreForSmileDesigns\" \/>\n<meta property=\"article:modified_time\" content=\"2024-01-18T17:42:00+00:00\" \/>\n<meta property=\"og:image\" content=\"https:\/\/johnhopkinsdds.com\/wp-content\/uploads\/2024\/01\/Dental-Treatments-General-Dentistry-in-Gulfport-MS.jpg\" \/>\n\t<meta property=\"og:image:width\" content=\"500\" \/>\n\t<meta property=\"og:image:height\" content=\"334\" \/>\n\t<meta property=\"og:image:type\" content=\"image\/jpeg\" \/>\n<meta name=\"twitter:card\" content=\"summary_large_image\" \/>\n<meta name=\"twitter:label1\" content=\"Tiempo de lectura\" \/>\n\t<meta name=\"twitter:data1\" content=\"3 minutos\" \/>\n<script type=\"application\/ld+json\" class=\"yoast-schema-graph\">{\"@context\":\"https:\\\/\\\/schema.org\",\"@graph\":[{\"@type\":\"WebPage\",\"@id\":\"https:\\\/\\\/johnhopkinsdds.com\\\/dental-treatments\\\/\",\"url\":\"https:\\\/\\\/johnhopkinsdds.com\\\/dental-treatments\\\/\",\"name\":\"Dental Treatments | General Dentistry in Gulfport, MS\",\"isPartOf\":{\"@id\":\"https:\\\/\\\/johnhopkinsdds.com\\\/#website\"},\"primaryImageOfPage\":{\"@id\":\"https:\\\/\\\/johnhopkinsdds.com\\\/dental-treatments\\\/#primaryimage\"},\"image\":{\"@id\":\"https:\\\/\\\/johnhopkinsdds.com\\\/dental-treatments\\\/#primaryimage\"},\"thumbnailUrl\":\"https:\\\/\\\/johnhopkinsdds.com\\\/wp-content\\\/uploads\\\/2024\\\/01\\\/Dental-Treatments-General-Dentistry-in-Gulfport-MS.jpg\",\"datePublished\":\"2023-05-08T13:44:01+00:00\",\"dateModified\":\"2024-01-18T17:42:00+00:00\",\"description\":\"Regular dental visits are essential to make sure oral health problems are detected and treated in a timely manner.\",\"breadcrumb\":{\"@id\":\"https:\\\/\\\/johnhopkinsdds.com\\\/dental-treatments\\\/#breadcrumb\"},\"inLanguage\":\"es\",\"potentialAction\":[{\"@type\":\"ReadAction\",\"target\":[\"https:\\\/\\\/johnhopkinsdds.com\\\/dental-treatments\\\/\"]}]},{\"@type\":\"ImageObject\",\"inLanguage\":\"es\",\"@id\":\"https:\\\/\\\/johnhopkinsdds.com\\\/dental-treatments\\\/#primaryimage\",\"url\":\"https:\\\/\\\/johnhopkinsdds.com\\\/wp-content\\\/uploads\\\/2024\\\/01\\\/Dental-Treatments-General-Dentistry-in-Gulfport-MS.jpg\",\"contentUrl\":\"https:\\\/\\\/johnhopkinsdds.com\\\/wp-content\\\/uploads\\\/2024\\\/01\\\/Dental-Treatments-General-Dentistry-in-Gulfport-MS.jpg\",\"width\":500,\"height\":334,\"caption\":\"Dental Treatments General Dentistry in Gulfport, MS\"},{\"@type\":\"BreadcrumbList\",\"@id\":\"https:\\\/\\\/johnhopkinsdds.com\\\/dental-treatments\\\/#breadcrumb\",\"itemListElement\":[{\"@type\":\"ListItem\",\"position\":1,\"name\":\"Home\",\"item\":\"https:\\\/\\\/johnhopkinsdds.com\\\/\"},{\"@type\":\"ListItem\",\"position\":2,\"name\":\"Dental Treatments\"}]},{\"@type\":\"WebSite\",\"@id\":\"https:\\\/\\\/johnhopkinsdds.com\\\/#website\",\"url\":\"https:\\\/\\\/johnhopkinsdds.com\\\/\",\"name\":\"Cosmetic Dentist in Gulfport, MS\",\"description\":\"Cosmetic Dentist in Gulfport, MS\",\"publisher\":{\"@id\":\"https:\\\/\\\/johnhopkinsdds.com\\\/#organization\"},\"potentialAction\":[{\"@type\":\"SearchAction\",\"target\":{\"@type\":\"EntryPoint\",\"urlTemplate\":\"https:\\\/\\\/johnhopkinsdds.com\\\/?s={search_term_string}\"},\"query-input\":{\"@type\":\"PropertyValueSpecification\",\"valueRequired\":true,\"valueName\":\"search_term_string\"}}],\"inLanguage\":\"es\"},{\"@type\":\"Organization\",\"@id\":\"https:\\\/\\\/johnhopkinsdds.com\\\/#organization\",\"name\":\"Cosmetic Dentist in Gulfport, MS\",\"url\":\"https:\\\/\\\/johnhopkinsdds.com\\\/\",\"logo\":{\"@type\":\"ImageObject\",\"inLanguage\":\"es\",\"@id\":\"https:\\\/\\\/johnhopkinsdds.com\\\/#\\\/schema\\\/logo\\\/image\\\/\",\"url\":\"https:\\\/\\\/johnhopkinsdds.com\\\/wp-content\\\/uploads\\\/2023\\\/05\\\/cropped-SmileDesignLogoFinal2.jpg\",\"contentUrl\":\"https:\\\/\\\/johnhopkinsdds.com\\\/wp-content\\\/uploads\\\/2023\\\/05\\\/cropped-SmileDesignLogoFinal2.jpg\",\"width\":512,\"height\":512,\"caption\":\"Cosmetic Dentist in Gulfport, MS\"},\"image\":{\"@id\":\"https:\\\/\\\/johnhopkinsdds.com\\\/#\\\/schema\\\/logo\\\/image\\\/\"},\"sameAs\":[\"https:\\\/\\\/www.facebook.com\\\/JohnHopkinsDdsCentreForSmileDesigns\",\"https:\\\/\\\/www.youtube.com\\\/@centerforsmiledesigns2130\",\"https:\\\/\\\/www.instagram.com\\\/johnhopkinsdds2\\\/\"]}]}<\/script>\n<!-- \/ Yoast SEO plugin. -->","yoast_head_json":{"title":"Tratamientos Dentales | Odontolog\u00eda General en Gulfport, MS","description":"Las visitas peri\u00f3dicas al dentista son esenciales para detectar y tratar a tiempo los problemas de salud bucodental.","robots":{"index":"index","follow":"follow","max-snippet":"max-snippet:-1","max-image-preview":"max-image-preview:large","max-video-preview":"max-video-preview:-1"},"canonical":"https:\/\/johnhopkinsdds.com\/es\/tratamientos-dentales\/","og_locale":"es_MX","og_type":"article","og_title":"Dental Treatments | General Dentistry in Gulfport, MS","og_description":"Regular dental visits are essential to make sure oral health problems are detected and treated in a timely manner.","og_url":"https:\/\/johnhopkinsdds.com\/es\/tratamientos-dentales\/","og_site_name":"Centre for Smile Designs | John Hopkins, DDS","article_publisher":"https:\/\/www.facebook.com\/JohnHopkinsDdsCentreForSmileDesigns","article_modified_time":"2024-01-18T17:42:00+00:00","og_image":[{"width":500,"height":334,"url":"https:\/\/johnhopkinsdds.com\/wp-content\/uploads\/2024\/01\/Dental-Treatments-General-Dentistry-in-Gulfport-MS.jpg","type":"image\/jpeg"}],"twitter_card":"summary_large_image","twitter_misc":{"Tiempo de lectura":"3 minutos"},"schema":{"@context":"https:\/\/schema.org","@graph":[{"@type":"WebPage","@id":"https:\/\/johnhopkinsdds.com\/dental-treatments\/","url":"https:\/\/johnhopkinsdds.com\/dental-treatments\/","name":"Tratamientos Dentales | Odontolog\u00eda General en Gulfport, MS","isPartOf":{"@id":"https:\/\/johnhopkinsdds.com\/#website"},"primaryImageOfPage":{"@id":"https:\/\/johnhopkinsdds.com\/dental-treatments\/#primaryimage"},"image":{"@id":"https:\/\/johnhopkinsdds.com\/dental-treatments\/#primaryimage"},"thumbnailUrl":"https:\/\/johnhopkinsdds.com\/wp-content\/uploads\/2024\/01\/Dental-Treatments-General-Dentistry-in-Gulfport-MS.jpg","datePublished":"2023-05-08T13:44:01+00:00","dateModified":"2024-01-18T17:42:00+00:00","description":"Las visitas peri\u00f3dicas al dentista son esenciales para detectar y tratar a tiempo los problemas de salud bucodental.","breadcrumb":{"@id":"https:\/\/johnhopkinsdds.com\/dental-treatments\/#breadcrumb"},"inLanguage":"es","potentialAction":[{"@type":"ReadAction","target":["https:\/\/johnhopkinsdds.com\/dental-treatments\/"]}]},{"@type":"ImageObject","inLanguage":"es","@id":"https:\/\/johnhopkinsdds.com\/dental-treatments\/#primaryimage","url":"https:\/\/johnhopkinsdds.com\/wp-content\/uploads\/2024\/01\/Dental-Treatments-General-Dentistry-in-Gulfport-MS.jpg","contentUrl":"https:\/\/johnhopkinsdds.com\/wp-content\/uploads\/2024\/01\/Dental-Treatments-General-Dentistry-in-Gulfport-MS.jpg","width":500,"height":334,"caption":"Dental Treatments General Dentistry in Gulfport, MS"},{"@type":"BreadcrumbList","@id":"https:\/\/johnhopkinsdds.com\/dental-treatments\/#breadcrumb","itemListElement":[{"@type":"ListItem","position":1,"name":"Home","item":"https:\/\/johnhopkinsdds.com\/"},{"@type":"ListItem","position":2,"name":"Dental Treatments"}]},{"@type":"WebSite","@id":"https:\/\/johnhopkinsdds.com\/#website","url":"https:\/\/johnhopkinsdds.com\/","name":"Dentista Cosmetico en Gulfport, MS","description":"Dentista Cosmetico en Gulfport, MS","publisher":{"@id":"https:\/\/johnhopkinsdds.com\/#organization"},"potentialAction":[{"@type":"SearchAction","target":{"@type":"EntryPoint","urlTemplate":"https:\/\/johnhopkinsdds.com\/?s={search_term_string}"},"query-input":{"@type":"PropertyValueSpecification","valueRequired":true,"valueName":"search_term_string"}}],"inLanguage":"es"},{"@type":"Organization","@id":"https:\/\/johnhopkinsdds.com\/#organization","name":"Dentista Cosmetico en Gulfport, MS","url":"https:\/\/johnhopkinsdds.com\/","logo":{"@type":"ImageObject","inLanguage":"es","@id":"https:\/\/johnhopkinsdds.com\/#\/schema\/logo\/image\/","url":"https:\/\/johnhopkinsdds.com\/wp-content\/uploads\/2023\/05\/cropped-SmileDesignLogoFinal2.jpg","contentUrl":"https:\/\/johnhopkinsdds.com\/wp-content\/uploads\/2023\/05\/cropped-SmileDesignLogoFinal2.jpg","width":512,"height":512,"caption":"Cosmetic Dentist in Gulfport, MS"},"image":{"@id":"https:\/\/johnhopkinsdds.com\/#\/schema\/logo\/image\/"},"sameAs":["https:\/\/www.facebook.com\/JohnHopkinsDdsCentreForSmileDesigns","https:\/\/www.youtube.com\/@centerforsmiledesigns2130","https:\/\/www.instagram.com\/johnhopkinsdds2\/"]}]}},"_links":{"self":[{"href":"https:\/\/johnhopkinsdds.com\/es\/wp-json\/wp\/v2\/pages\/567","targetHints":{"allow":["GET"]}}],"collection":[{"href":"https:\/\/johnhopkinsdds.com\/es\/wp-json\/wp\/v2\/pages"}],"about":[{"href":"https:\/\/johnhopkinsdds.com\/es\/wp-json\/wp\/v2\/types\/page"}],"author":[{"embeddable":true,"href":"https:\/\/johnhopkinsdds.com\/es\/wp-json\/wp\/v2\/users\/6"}],"replies":[{"embeddable":true,"href":"https:\/\/johnhopkinsdds.com\/es\/wp-json\/wp\/v2\/comments?post=567"}],"version-history":[{"count":0,"href":"https:\/\/johnhopkinsdds.com\/es\/wp-json\/wp\/v2\/pages\/567\/revisions"}],"wp:featuredmedia":[{"embeddable":true,"href":"https:\/\/johnhopkinsdds.com\/es\/wp-json\/wp\/v2\/media\/8375"}],"wp:attachment":[{"href":"https:\/\/johnhopkinsdds.com\/es\/wp-json\/wp\/v2\/media?parent=567"}],"curies":[{"name":"wp","href":"https:\/\/api.w.org\/{rel}","templated":true}]}}